{"id":1000005053,"date":"2024-12-05T10:15:34","date_gmt":"2024-12-05T10:15:34","guid":{"rendered":"https:\/\/alfassa.org\/?page_id=1000005053"},"modified":"2024-12-05T10:17:52","modified_gmt":"2024-12-05T10:17:52","slug":"privacy","status":"publish","type":"page","link":"https:\/\/alfassa.org\/index.php\/privacy\/","title":{"rendered":"Privacy Policy"},"content":{"rendered":"\t\t<div data-elementor-type=\"wp-page\" data-elementor-id=\"1000005053\" class=\"elementor elementor-1000005053\" data-elementor-post-type=\"page\">\n\t\t\t\t<div class=\"elementor-element elementor-element-b1707eb e-flex e-con-boxed e-con e-parent\" data-id=\"b1707eb\" data-element_type=\"container\">\n\t\t\t\t\t<div class=\"e-con-inner\">\n\t\t\t\t<div class=\"elementor-element elementor-element-ac604a6 elementor-widget elementor-widget-text-editor\" data-id=\"ac604a6\" data-element_type=\"widget\" data-widget_type=\"text-editor.default\">\n\t\t\t\t<div class=\"elementor-widget-container\">\n\t\t\t\t\t\t\t\t\t<p><strong>INFORMATIVA SULLA PRIVACY<\/strong><\/p><p>La presente sezione contiene le informazioni sul trattamento dei dati personali degli utenti che consultano il sito\u00a0<strong>web<\/strong>\u00a0www.alfassa.org o che, interagendo con il sito forniscono i propri dati personali. La presente informativa \u00e8 resa, comunque, in generale per il trattamento dei dati personali da parte del titolare. Le informazioni rese non riguardano altri siti, pagine o servizi\u00a0<strong>online<\/strong>\u00a0raggiungibili tramite\u00a0<strong>link<\/strong>\u00a0ipertestuali eventualmente pubblicati nel sito, ma riferiti a risorse esterne al dominio www.alfassa.org.<\/p><p>L\u2019informativa \u00e8 resa ai sensi dell\u2019art. 13 del Regolamento UE 2016\/679 del Parlamento e del Consiglio Europeo relativo alla protezione delle persone fisiche con riguardo al trattamento dei dati personali, nonch\u00e9 alla libera circolazione di tali dati (di seguito GDPR).<\/p><p><strong>LEGISLAZIONE<\/strong><\/p><ul><li>Regolamento (UE) 2016\/679 del Parlamento europeo e del Consiglio, del 27 aprile 2016, relativo alla protezione delle persone fisiche con riguardo al trattamento dei dati personali, nonch\u00e9 alla libera circolazione di tali dati e che abroga la direttiva 95\/46\/CE (regolamento generale sulla protezione dei dati)<\/li><li>Decreto legislativo 30 giugno 2003 n. 196 &#8211; Codice in materia di protezione dei dati personali, recante disposizioni per l&#8217;adeguamento dell&#8217;ordinamento nazionale al regolamento (UE) n. 2016\/679 del Parlamento europeo e del Consiglio, del 27 aprile 2016, relativo alla protezione delle persone fisiche con riguardo al trattamento dei dati personali, nonch\u00e9 alla libera circolazione di tali dati e che abroga la direttiva 95\/46\/CE (GU n.174 del 29-7-2003 &#8211; Suppl. Ordinario n. 123 )<\/li><li>Decreto legislativo 10 agosto 2018, n. 101 &#8211; Disposizioni per l&#8217;adeguamento della normativa nazionale alle disposizioni del regolamento (UE) 2016\/679 del Parlamento europeo e del Consiglio, del 27 aprile 2016, relativo alla protezione delle persone fisiche con riguardo al trattamento dei dati personali, nonch\u00e8 alla libera circolazione di tali dati e che abroga la direttiva 95\/46\/CE (GU Serie Generale n.205 del 04-09-2018)<\/li><li>Decreto legislativo 18 maggio 2018, n. 51 &#8211; Attuazione della direttiva (UE) 2016\/680 del Parlamento europeo e del Consiglio, del 27 aprile 2016, relativa alla protezione delle persone fisiche con riguardo al trattamento dei dati personali da parte delle autorit\u00e0 competenti a fini di prevenzione, indagine, accertamento e perseguimento di reati o esecuzione di sanzioni penali, nonch\u00e9 alla libera circolazione di tali dati e che abroga la decisione quadro 2008\/977\/GAI del Consiglio (GU n.119 del 24-5-2018). \u00a0<br \/><br \/><\/li><\/ul><p><strong>IL TITOLARE DEL TRATTAMENTO<\/strong><\/p><p>Titolare del trattamento \u00e8 ALFASSA, una rete di imprese ed enti del terzo settore costituiti con Contratto di Rete, i cui riferimenti sono:<\/p><p><a href=\"https:\/\/www.google.it\/search?q=universit%C3%A0+campus+bio-medico+indirizzo&amp;stick=H4sIAAAAAAAAAOPgE-LUz9U3SC6OLyjRks1OttLPyU9OLMnMz4MzrBJTUopSi4sBUKp7IywAAAA&amp;sa=X&amp;ved=0ahUKEwjzjf7Y0o_bAhWJKMAKHekICXsQ6BMIjAEwEw\">Indirizzo<\/a><strong>:\u00a0<\/strong>Sede legale: Via Giovanni Becchetti 89, 32100 Belluno<\/p><p>Esercente le funzioni di Titolare del trattamento \u00e8 il Presidente pro tempore.<\/p><p><strong>RESPONSABILE DELLA PROTEZIONE DEI DATI<\/strong><\/p><p>Il responsabile della protezione dei dati \u00e8 la societ\u00e0 KGD Srls.<\/p><p>Sede legale in Grottaminarda (Av), P. IVA 03000320642<\/p><p><a href=\"mailto:alfassa.platform@gmail.com\">alfassa.platform@gmail.com<\/a><\/p><p>\u200b<strong>FINALIT<\/strong><strong>\u00c0<\/strong><strong> DEL TRATTAMENTO<\/strong><\/p><p>Comunicazioni senza condivisione di dati sensibili anche di soggetti terzi attraverso via posta elettronica, con modalit\u00e0 manuali o automatiche, social o applicazioni informatiche di messaggistica istantanea messaggi, con finalit\u00e0 quali:<\/p><ul><li>Comunicazioni di carattere informativo (&#8220;Newsletter&#8221;) o commerciale;<\/li><li>Comunicazione dei risultati di studi di mercato e analisi statistiche da parte di soggetti terzi;<\/li><li>Comunicazioni per favorire la partecipazione alle attivit\u00e0 del circuito (\u201cBrainstorming\u201d);<\/li><li>Comunicazioni promozionali e commerciali relative a servizi\/prodotti;<\/li><li>Segnalazione di eventi aziendali o fiere<\/li><li>Segnalare su base complementare di opportunit\u00e0 d\u2019affari (\u201cBusiness Matching\u201d).<\/li><\/ul><p>Le comunicazioni saranno attinenti alla profilazione che si configura sulla base delle sue preferenze ed interessi in riferimento ai programmi di sviluppo specializzati per mercato, settore o canali, nello specifico, in relazione ai temi del questionario ed ai riscontri alle procedure di brainstorming e cooperative learning.<\/p><p>Obblighi di legge: adempiere ad obblighi previsti da regolamenti e dalla normativa nazionale e sovranazionale applicabile.<\/p><p>Diritti dei Contitolari: se necessario, per accertare, esercitare o difendere i diritti delle Contitolari in sede giudiziaria.<\/p><p>Funzionamento dei Siti: i sistemi informatici e le procedure software preposte al funzionamento dei Siti acquisiscono, nel corso del loro normale esercizio, alcuni dati personali la cui trasmissione \u00e8 implicita nell\u2019uso dei protocolli di comunicazione di Internet. Si tratta di informazioni che non sono raccolte per essere associate a interessati identificati, ma che, per loro stessa natura, potrebbero, attraverso elaborazioni ed associazioni con dati detenuti dalle Contitolari o da terzi, permettere di identificare gli utenti dei Siti.<\/p><p>\u200b<strong>BASE GIURIDICA DEL TRATTAMENTO<\/strong><\/p><p>I dati personali sono trattati dalla rete di imprese ed enti denominata ALFASSA nell&#8217;esecuzione dei propri compiti divulgativi ed informativi circa le attivit\u00e0 del circuito o comunque connessi all&#8217;esercizio delle proprie funzioni e per le finalit\u00e0 connesse a questi compiti.\u00a0<\/p><p><strong>MODALITA\u2019 DI TRATTAMENTO<\/strong><\/p><p>I dati personali sono trattati con strumenti automatizzati per il tempo strettamente necessario a conseguire gli scopi per cui sono stati raccolti. Specifiche misure di sicurezza sono osservate per prevenire la perdita dei dati, usi illeciti o non corretti ed accessi non autorizzati. L&#8217;invio facoltativo, esplicito e volontario di messaggi agli indirizzi di contatto di ALFASSA nonch\u00e9 la compilazione e l&#8217;inoltro dei moduli presenti sui siti della piattaforma, comportano l&#8217;acquisizione dei dati di contatto del mittente, necessari a rispondere, nonch\u00e9 di tutti i dati personali inclusi nelle comunicazioni. Specifiche informative sono pubblicate nelle pagine predisposte per l&#8217;erogazione di determinati servizi. I dati vengono in ogni caso conservati unicamente per il tempo necessario a realizzare la finalit\u00e0 perseguita.<\/p><p>\u00a0<\/p><p><strong>PERIODO DI CONSERVAZIONE DEI DATI<\/strong><\/p><p>Finalit\u00e0 contrattuale, Obblighi di legge: per tutta la durata contrattuale e, dopo la cessazione, per 10 anni.<\/p><p>Finalit\u00e0 di marketing generico delle Contitolari: fino all\u2019esercizio del diritto di opposizione esercitabile.<\/p><p>Finalit\u00e0 di marketing e profilazione: sino alla revoca del consenso per tale finalit\u00e0.<\/p><p>Diritti del titolare: nel caso di contenzioso giudiziale, per tutta la durata dello stesso, fino all\u2019esaurimento dei termini di esperibilit\u00e0 delle azioni di impugnazione.<\/p><p>Funzionamento dei Siti: per tutta la durata della sessione di navigazione sui Siti.<\/p><p>Decorsi i termini di conservazione sopra indicati, i Suoi dati personali saranno distrutti, cancellati o resi anonimi, compatibilmente con le procedure tecniche di cancellazione e backup.<\/p><p><strong>DATI PERSONALI<\/strong><\/p><p>Dati personali trattati per finalit\u00e0 contrattuale, obblighi di legge, diritti del titolare, finalit\u00e0 di marketing e profilazione o per invio newsletter sono i dati anagrafici e di contatto.<\/p><p>I dati personali trattati negli indirizzi IP o i nomi a dominio dei computer utilizzati dagli utenti che si connettono ai Siti, gli indirizzi in notazione URI (Uniform Resource Identifier) delle risorse richieste, l\u2019orario della richiesta, il metodo utilizzato nel sottoporre la richiesta al server, la dimensione del file ottenuto in risposta, il codice numerico indicante lo stato della risposta data dal server (buon fine, errore, ecc.), altri parametri relativi al sistema operativo e all\u2019ambiente informatico dell\u2019utente, le informazioni relative al comportamento dell\u2019utente sui Siti, alle pagine che sono state visitate o cercate, al fine di selezionare e rendere specifici annunci all\u2019utente dei Siti ed i dati relativi al comportamento di navigazione tenuto sui Siti utilizzando, ad esempio, utilizzando i cookie.<\/p><p><strong>CONFERIMENTO DEI DATI<\/strong><\/p><p>Il conferimento dei dati personali \u00e8 obbligatorio. Il rifiuto di fornire i suddetti dati personali non consente, pertanto, la possibilit\u00e0 di usufruire dei servizi\/contenuti offerti dai Siti.<\/p><p>Il conferimento dei dati personali \u00e8 dovuto per l\u2019esercizio di un legittimo interesse delle Contitolari ai sensi dell\u2019art. 130, comma 4, del D.lgs. 196\/2003 e s.m.i.<\/p><p>Alcuni dati personali di cui al punto 4.5 sono strettamente necessari al funzionamento dei Siti, altri vengono utilizzati al solo fine di ricavare informazioni statistiche anonime sull\u2019uso dei Siti e per controllarne il corretto funzionamento, e vengono cancellati immediatamente dopo l\u2019elaborazione.<\/p><p><strong>CANCELLAZIONE DAL SERVIZIO<\/strong><\/p><p>Per non ricevere pi\u00f9 comunicazioni scrivere all\u2019indirizzo mail info@alfassa.net o in alternativa ad <a href=\"mailto:alfassa.platform@gmail.com\">alfassa.platform@gmail.com<\/a><\/p><p>\u200b<strong>DESTINATARI DEI DATI<\/strong><\/p><p>Il dato pu\u00f2 essere comunicato a soggetti operanti in qualit\u00e0 di titolari (quali, a titolo esemplificativo, autorit\u00e0 di vigilanza e controllo ed ogni soggetto pubblico legittimato a richiedere i dati) oppure trattato, per conto delle Contitolari, da soggetti designati come Responsabili, a cui sono impartite adeguate istruzioni operative.<\/p><p>I dati possono altres\u00ec essere trattati, per conto delle Contitolari, da soggetti esterni designati come Responsabili del trattamento ai sensi dell\u2019art. 28 del GDPR, a cui sono impartite adeguate istruzioni operative. Tali soggetti sono essenzialmente ricompresi nelle seguenti categorie:<\/p><ol><li>societ\u00e0 che offrono servizi di manutenzione dei siti web e dei sistemi informativi;<\/li><li>societ\u00e0 che offrono supporto nella realizzazione di studi di mercato;<\/li><li>societ\u00e0 che svolgono servizi di gestione e manutenzione del database delle Contitolari;<\/li><li>societ\u00e0 che offrono servizi di invio e-mail;<\/li><li>societ\u00e0 che svolgono servizi di supporto organizzativo e di accoglienza agli eventi.<\/li><\/ol><p>I Suoi dati personali possono essere trattati, in caso di rilascio di Suo esplicito consenso, da soggetti terzi a cui vengono comunicati i dati.<\/p><p>I dati personali non saranno diffusi.<\/p><p><strong>SOGGETTI AUTORIZZATI AL TRATTAMENTO<\/strong><\/p><p>I Suoi dati potranno essere trattati dai dipendenti delle funzioni aziendali delle Contitolari deputati al perseguimento delle finalit\u00e0 sopra indicate, che sono stati espressamente autorizzati al trattamento e che hanno ricevuto adeguate istruzioni operative.<\/p><p>I dati personali trattati per il funzionamento dei siti raccolti durante la navigazione sugli stessi saranno trattati da dipendenti, collaboratori delle Contitolari o soggetti esterni, in qualit\u00e0 di incaricati e responsabili del trattamento, debitamente istruiti dalle Contitolari, che svolgono per conto delle Contitolari compiti di natura tecnica ed organizzativa dei Siti.<\/p><p><strong>DIRITTI DELL&#8217;INTERESSATO &#8211; RECLAMO ALL\u2019AUTORIT\u00c0 DI CONTROLLO<\/strong><\/p><p>Contattando le Contitolari via e-mail all\u2019indirizzo info@alfassa.net, gli interessati possono chiedere l\u2019accesso ai dati che li riguardano, la loro cancellazione, la rettifica dei dati inesatti, l\u2019integrazione dei dati incompleti, la limitazione del trattamento nei casi previsti dall\u2019art. 18 GDPR.<\/p><p>\u200bGli interessati, inoltre, nel caso in cui il trattamento sia basato sul contratto e sia effettuato con strumenti automatizzati possono richiedere la portabilit\u00e0 dei propri dati e di ricevere in un formato strutturato, di uso comune e leggibile da dispositivo automatico i dati stessi, nonch\u00e9, se tecnicamente fattibile, di trasmetterli ad altro titolare senza impedimenti.<\/p><p>\u200bGli interessati hanno il diritto di proporre reclamo all&#8217;Autorit\u00e0 di controllo competente nello Stato membro in cui risiedono abitualmente o lavorano o dello Stato in cui si \u00e8 verificata la presunta violazione.<\/p><p><strong>SICUREZZA DEI DATI<\/strong><\/p><p>Le misure di sicurezza dei dati adottate per prevenire la perdita dei dati personali, usi illeciti o non corretti ed accessi non autorizzati, fanno riferimento agli strumenti quali antivirus, firewalls, filtri antispamming e analoghi presidi di un sistema tecnologico in continua evoluzione.<\/p><p><strong>TRASFERIMENTO DEI DATI IN PAESI NON APPARTENENTI ALL\u2019UNIONE EUROPEA<\/strong><\/p><p>I dati potranno essere trasferiti all&#8217;estero in paesi extra-europei, con analoghe modalit\u00e0 indipendentemente dal livello di protezione dei dati appartenente a ciascun paese.<\/p><p><strong>COOKIES <\/strong><\/p><p>I cookies sono utilizzati con tecniche che ne assicurano l\u2019uso sicuro. Per maggiori informazioni sull\u2019uso dei cookies fare click sull\u2019indirizzo web che segue:<\/p><p><a href=\"https:\/\/www.alfassa.org\/cookie-policy\/\">https:\/\/www.alfassa.org\/cookie-policy\/<\/a><\/p>\t\t\t\t\t\t\t\t<\/div>\n\t\t\t\t<\/div>\n\t\t\t\t\t<\/div>\n\t\t\t\t<\/div>\n\t\t\t\t<\/div>\n\t\t","protected":false},"excerpt":{"rendered":"<p>INFORMATIVA SULLA PRIVACY La presente sezione contiene le informazioni sul trattamento dei dati personali degli utenti che consultano il sito\u00a0web\u00a0www.alfassa.org o che, interagendo con il sito forniscono i propri dati personali. La presente informativa \u00e8 resa, comunque, in generale per il trattamento dei dati personali da parte del titolare. Le informazioni rese non riguardano altri [&hellip;]<\/p>\n","protected":false},"author":1,"featured_media":0,"parent":0,"menu_order":0,"comment_status":"closed","ping_status":"closed","template":"","meta":{"om_disable_all_campaigns":false,"inline_featured_image":false,"footnotes":""},"class_list":["post-1000005053","page","type-page","status-publish","hentry"],"yoast_head":"<!-- This site is optimized with the Yoast SEO Premium plugin v23.3 (Yoast SEO v23.3) - https:\/\/yoast.com\/wordpress\/plugins\/seo\/ -->\n<title>Privacy Policy - Alfassa<\/title>\n<meta name=\"robots\" content=\"index, follow, max-snippet:-1, max-image-preview:large, max-video-preview:-1\" \/>\n<link rel=\"canonical\" href=\"https:\/\/alfassa.org\/index.php\/privacy\/\" \/>\n<meta property=\"og:locale\" content=\"en_US\" \/>\n<meta property=\"og:type\" content=\"article\" \/>\n<meta property=\"og:title\" content=\"Privacy Policy\" \/>\n<meta property=\"og:description\" content=\"INFORMATIVA SULLA PRIVACY La presente sezione contiene le informazioni sul trattamento dei dati personali degli utenti che consultano il sito\u00a0web\u00a0www.alfassa.org o che, interagendo con il sito forniscono i propri dati personali. La presente informativa \u00e8 resa, comunque, in generale per il trattamento dei dati personali da parte del titolare. Le informazioni rese non riguardano altri [&hellip;]\" \/>\n<meta property=\"og:url\" content=\"https:\/\/alfassa.org\/index.php\/privacy\/\" \/>\n<meta property=\"og:site_name\" content=\"Alfassa\" \/>\n<meta property=\"article:publisher\" content=\"https:\/\/www.facebook.com\/alfassa.net\" \/>\n<meta property=\"article:modified_time\" content=\"2024-12-05T10:17:52+00:00\" \/>\n<meta name=\"twitter:card\" content=\"summary_large_image\" \/>\n<meta name=\"twitter:label1\" content=\"Est. reading time\" \/>\n\t<meta name=\"twitter:data1\" content=\"8 minutes\" \/>\n<script type=\"application\/ld+json\" class=\"yoast-schema-graph\">{\"@context\":\"https:\/\/schema.org\",\"@graph\":[{\"@type\":\"WebPage\",\"@id\":\"https:\/\/alfassa.org\/index.php\/privacy\/\",\"url\":\"https:\/\/alfassa.org\/index.php\/privacy\/\",\"name\":\"Privacy Policy - Alfassa\",\"isPartOf\":{\"@id\":\"https:\/\/alfassa.org\/#website\"},\"datePublished\":\"2024-12-05T10:15:34+00:00\",\"dateModified\":\"2024-12-05T10:17:52+00:00\",\"breadcrumb\":{\"@id\":\"https:\/\/alfassa.org\/index.php\/privacy\/#breadcrumb\"},\"inLanguage\":\"en-US\",\"potentialAction\":[{\"@type\":\"ReadAction\",\"target\":[\"https:\/\/alfassa.org\/index.php\/privacy\/\"]}]},{\"@type\":\"BreadcrumbList\",\"@id\":\"https:\/\/alfassa.org\/index.php\/privacy\/#breadcrumb\",\"itemListElement\":[{\"@type\":\"ListItem\",\"position\":1,\"name\":\"Home\",\"item\":\"https:\/\/alfassa.org\/\"},{\"@type\":\"ListItem\",\"position\":2,\"name\":\"Privacy Policy\"}]},{\"@type\":\"WebSite\",\"@id\":\"https:\/\/alfassa.org\/#website\",\"url\":\"https:\/\/alfassa.org\/\",\"name\":\"www.alfassa.org\",\"description\":\"Creating a better future together\",\"publisher\":{\"@id\":\"https:\/\/alfassa.org\/#organization\"},\"potentialAction\":[{\"@type\":\"SearchAction\",\"target\":{\"@type\":\"EntryPoint\",\"urlTemplate\":\"https:\/\/alfassa.org\/?s={search_term_string}\"},\"query-input\":\"required name=search_term_string\"}],\"inLanguage\":\"en-US\"},{\"@type\":\"Organization\",\"@id\":\"https:\/\/alfassa.org\/#organization\",\"name\":\"Alfassa\",\"url\":\"https:\/\/alfassa.org\/\",\"logo\":{\"@type\":\"ImageObject\",\"inLanguage\":\"en-US\",\"@id\":\"https:\/\/alfassa.org\/#\/schema\/logo\/image\/\",\"url\":\"https:\/\/alfassa.org\/wp-content\/uploads\/2020\/01\/Rosa-Alfassa-2024-1024x1010.png\",\"contentUrl\":\"https:\/\/alfassa.org\/wp-content\/uploads\/2020\/01\/Rosa-Alfassa-2024-1024x1010.png\",\"width\":1024,\"height\":1010,\"caption\":\"Alfassa\"},\"image\":{\"@id\":\"https:\/\/alfassa.org\/#\/schema\/logo\/image\/\"},\"sameAs\":[\"https:\/\/www.facebook.com\/alfassa.net\",\"https:\/\/www.linkedin.com\/company\/alfassa\"]}]}<\/script>\n<!-- \/ Yoast SEO Premium plugin. -->","yoast_head_json":{"title":"Privacy Policy - Alfassa","robots":{"index":"index","follow":"follow","max-snippet":"max-snippet:-1","max-image-preview":"max-image-preview:large","max-video-preview":"max-video-preview:-1"},"canonical":"https:\/\/alfassa.org\/index.php\/privacy\/","og_locale":"en_US","og_type":"article","og_title":"Privacy Policy","og_description":"INFORMATIVA SULLA PRIVACY La presente sezione contiene le informazioni sul trattamento dei dati personali degli utenti che consultano il sito\u00a0web\u00a0www.alfassa.org o che, interagendo con il sito forniscono i propri dati personali. La presente informativa \u00e8 resa, comunque, in generale per il trattamento dei dati personali da parte del titolare. Le informazioni rese non riguardano altri [&hellip;]","og_url":"https:\/\/alfassa.org\/index.php\/privacy\/","og_site_name":"Alfassa","article_publisher":"https:\/\/www.facebook.com\/alfassa.net","article_modified_time":"2024-12-05T10:17:52+00:00","twitter_card":"summary_large_image","twitter_misc":{"Est. reading time":"8 minutes"},"schema":{"@context":"https:\/\/schema.org","@graph":[{"@type":"WebPage","@id":"https:\/\/alfassa.org\/index.php\/privacy\/","url":"https:\/\/alfassa.org\/index.php\/privacy\/","name":"Privacy Policy - Alfassa","isPartOf":{"@id":"https:\/\/alfassa.org\/#website"},"datePublished":"2024-12-05T10:15:34+00:00","dateModified":"2024-12-05T10:17:52+00:00","breadcrumb":{"@id":"https:\/\/alfassa.org\/index.php\/privacy\/#breadcrumb"},"inLanguage":"en-US","potentialAction":[{"@type":"ReadAction","target":["https:\/\/alfassa.org\/index.php\/privacy\/"]}]},{"@type":"BreadcrumbList","@id":"https:\/\/alfassa.org\/index.php\/privacy\/#breadcrumb","itemListElement":[{"@type":"ListItem","position":1,"name":"Home","item":"https:\/\/alfassa.org\/"},{"@type":"ListItem","position":2,"name":"Privacy Policy"}]},{"@type":"WebSite","@id":"https:\/\/alfassa.org\/#website","url":"https:\/\/alfassa.org\/","name":"www.alfassa.org","description":"Creating a better future together","publisher":{"@id":"https:\/\/alfassa.org\/#organization"},"potentialAction":[{"@type":"SearchAction","target":{"@type":"EntryPoint","urlTemplate":"https:\/\/alfassa.org\/?s={search_term_string}"},"query-input":"required name=search_term_string"}],"inLanguage":"en-US"},{"@type":"Organization","@id":"https:\/\/alfassa.org\/#organization","name":"Alfassa","url":"https:\/\/alfassa.org\/","logo":{"@type":"ImageObject","inLanguage":"en-US","@id":"https:\/\/alfassa.org\/#\/schema\/logo\/image\/","url":"https:\/\/alfassa.org\/wp-content\/uploads\/2020\/01\/Rosa-Alfassa-2024-1024x1010.png","contentUrl":"https:\/\/alfassa.org\/wp-content\/uploads\/2020\/01\/Rosa-Alfassa-2024-1024x1010.png","width":1024,"height":1010,"caption":"Alfassa"},"image":{"@id":"https:\/\/alfassa.org\/#\/schema\/logo\/image\/"},"sameAs":["https:\/\/www.facebook.com\/alfassa.net","https:\/\/www.linkedin.com\/company\/alfassa"]}]}},"_links":{"self":[{"href":"https:\/\/alfassa.org\/index.php\/wp-json\/wp\/v2\/pages\/1000005053","targetHints":{"allow":["GET"]}}],"collection":[{"href":"https:\/\/alfassa.org\/index.php\/wp-json\/wp\/v2\/pages"}],"about":[{"href":"https:\/\/alfassa.org\/index.php\/wp-json\/wp\/v2\/types\/page"}],"author":[{"embeddable":true,"href":"https:\/\/alfassa.org\/index.php\/wp-json\/wp\/v2\/users\/1"}],"replies":[{"embeddable":true,"href":"https:\/\/alfassa.org\/index.php\/wp-json\/wp\/v2\/comments?post=1000005053"}],"version-history":[{"count":4,"href":"https:\/\/alfassa.org\/index.php\/wp-json\/wp\/v2\/pages\/1000005053\/revisions"}],"predecessor-version":[{"id":1000005057,"href":"https:\/\/alfassa.org\/index.php\/wp-json\/wp\/v2\/pages\/1000005053\/revisions\/1000005057"}],"wp:attachment":[{"href":"https:\/\/alfassa.org\/index.php\/wp-json\/wp\/v2\/media?parent=1000005053"}],"curies":[{"name":"wp","href":"https:\/\/api.w.org\/{rel}","templated":true}]}}