{"id":1000005042,"date":"2024-12-04T16:59:57","date_gmt":"2024-12-04T16:59:57","guid":{"rendered":"https:\/\/alfassa.org\/?page_id=1000005042"},"modified":"2024-12-04T17:03:55","modified_gmt":"2024-12-04T17:03:55","slug":"cookie-policy","status":"publish","type":"page","link":"https:\/\/alfassa.org\/index.php\/cookie-policy\/","title":{"rendered":"Cookie Policy"},"content":{"rendered":"\t\t<div data-elementor-type=\"wp-page\" data-elementor-id=\"1000005042\" class=\"elementor elementor-1000005042\" data-elementor-post-type=\"page\">\n\t\t\t\t<div class=\"elementor-element elementor-element-9f1cdd2 e-flex e-con-boxed e-con e-parent\" data-id=\"9f1cdd2\" data-element_type=\"container\">\n\t\t\t\t\t<div class=\"e-con-inner\">\n\t\t\t\t<div class=\"elementor-element elementor-element-4808243 elementor-widget elementor-widget-text-editor\" data-id=\"4808243\" data-element_type=\"widget\" data-widget_type=\"text-editor.default\">\n\t\t\t\t<div class=\"elementor-widget-container\">\n\t\t\t\t\t\t\t\t\t<p><strong>INFORMATIVA SUI COOKIE<\/strong><\/p><p>Per rendere il nostro sito pi\u00f9 facile ed intuitivo facciamo uso dei cookie. I cookie sono piccole porzioni di dati che ci permettono di confrontare i visitatori nuovi e quelli passati e di capire come gli utenti navigano attraverso il nostro sito. Utilizziamo i dati raccolti grazie ai cookie per rendere la tua esperienza di navigazione pi\u00f9 piacevole e pi\u00f9 efficiente in futuro.<\/p><p>I cookie non registrano alcuna informazione personale su un utente e gli eventuali\u00a0dati identificabili non verranno memorizzati. Se desideri disabilitare l\u2019uso dei cookie, devi personalizzare le impostazioni del tuo computer impostando la cancellazione di tutti i cookie o attivando un messaggio di avviso quando i cookie vengono memorizzati. Per procedere senza modificare l\u2019applicazione dei cookie puoi invece semplicemente continuare con la navigazione.<\/p><p>Visita\u00a0<a href=\"http:\/\/www.aboutcookies.org\/\"><strong>AboutCookies.org<\/strong><\/a>\u00a0per ulteriori informazioni sui cookie e su come influenzano la tua esperienza di navigazione.<\/p><h2><strong>I tipi di cookie che utilizziamo<\/strong><\/h2><p><strong>Cookie indispensabili<\/strong><\/p><p>Questi cookie sono essenziali al fine di consentire di spostarsi in tutto il sito ed utilizzare a pieno le sue caratteristiche, come ad esempio accedere alle varie aree protette del sito. Senza questi cookie alcuni servizi necessari, come la compilazione di un form per un concorso, non possono essere fruiti.<\/p><p><strong>Performance cookie<\/strong><\/p><p>Questi cookie raccolgono informazioni su come gli utenti utilizzano un sito web. Ad esempio, quali sono le pagine pi\u00f9 visitate e se si ricevono messaggi di errore da pagine web. Questi cookie non raccolgono informazioni che identificano un visitatore. Tutte le informazioni raccolte tramite cookie sono\u00a0aggregate e quindi anonime. Vengono utilizzati solo per migliorare il funzionamento di un sito web.<br \/>Utilizzando il nostro sito, accetti che tali cookie possono essere installati sul tuo dispositivo.<\/p><p><strong>Cookie di funzionalit\u00e0<\/strong><\/p><p>I cookie consentono al sito di ricordare le scelte fatte dall\u2019utente (come il nome, la lingua o la regione di provenienza) e forniscono funzionalit\u00e0 avanzate personalizzate. Questi cookie possono essere utilizzati anche per ricordare le modifiche apportate alla dimensione del testo, font ed altre parti di pagine web che \u00e8 possibile personalizzare. Essi possono anche essere utilizzati per fornire servizi che hai chiesto, come guardare un video o i commenti su un blog. Le informazioni raccolte da questi tipi di cookie possono essere rese anonime e non in grado di monitorare la tua attivit\u00e0 di navigazione su altri siti web.<br \/>Utilizzando il nostro sito, accetti che tali cookie possono essere installati sul tuo dispositivo.<\/p><h2><strong>Come gestire i cookie sul tuo PC<\/strong><\/h2><p>Se desideri consentire i cookie dal nostro sito, segui i passaggi riportati di seguito.<\/p><p><strong>Google Chrome<\/strong><\/p><ul><li>Clicca su\u00a0<em>Strumenti<\/em>\u00a0nella parte superiore della finestra del browser<\/li><li>seleziona\u00a0<em>Opzioni<\/em><\/li><li>clicca sulla scheda\u00a0<em>Roba da smanettoni<\/em><\/li><li>individua la sezione\u00a0<em>Privacy<\/em><\/li><li>seleziona il pulsante\u00a0<em>Impostazioni contenuto<\/em><\/li><li>seleziona\u00a0<em>Consenti dati locali da impostare<\/em>.<\/li><\/ul><p><strong>Microsoft Internet Explorer 6.0, 7.0, 8.0, 9.0<\/strong><\/p><ul><li>Clicca su\u00a0<em>Strumenti<\/em>\u00a0nella parte superiore della finestra del browser<\/li><li>seleziona\u00a0<em>Opzioni Internet<\/em><\/li><li>clicca sulla scheda\u00a0<em>Privacy<\/em>.<\/li><\/ul><p>Per attivare i cookie nel tuo browser, assicurati che il livello di privacy sia impostato su\u00a0<em>Medio<\/em>\u00a0o al di sotto: impostando il livello di privacy sopra il\u00a0<em>Medio<\/em>\u00a0disattiverai l\u2019utilizzo dei cookie.<\/p><p><strong>Mozilla Firefox<\/strong><\/p><ul><li>Clicca su\u00a0<em>Strumenti<\/em>\u00a0nella parte superiore della finestra del browser<\/li><li>seleziona\u00a0<em>Opzioni<\/em><\/li><li>seleziona l\u2019icona\u00a0<em>Privacy<\/em><\/li><li>clicca su\u00a0<em>Cookie<\/em><\/li><li>seleziona\u00a0<em>Permetto ai siti l\u2019utilizzo dei cookie<\/em>.<\/li><\/ul><p><strong>Safari<\/strong><\/p><ul><li>Clicca sull\u2019icona\u00a0<em>Cog<\/em>\u00a0nella parte superiore della finestra del browser<\/li><li>seleziona l\u2019opzione\u00a0<em>Preferenze<\/em><\/li><li>clicca su\u00a0<em>Protezione<\/em><\/li><li>seleziona l\u2019opzione\u00a0<em>Blocco di terze parti e di cookie per la pubblicit\u00e0<\/em><\/li><li>clicca su\u00a0<em>Salva<\/em>.<\/li><\/ul><h2><strong>Come gestire i cookie su Mac<\/strong><\/h2><p>Se desideri consentire i cookie dal nostro sito, segui i passaggi riportati di seguito.<\/p><p><strong>Microsoft Internet Explorer 5.0 su OSX<\/strong><\/p><ul><li>Clicca su\u00a0<em>Esplora<\/em>\u00a0nella parte superiore della finestra del browser<\/li><li>seleziona l\u2019opzione\u00a0<em>Preferenze<\/em><\/li><li>scorri verso il basso fino a visualizzare\u00a0<em>Cookie<\/em>\u00a0nella sezione\u00a0<em>File Ricezione<\/em><\/li><li>seleziona l\u2019opzione\u00a0<em>Non chiedere<\/em>.<\/li><\/ul><p><strong>Safari su OSX<\/strong><\/p><ul><li>Fai clic su\u00a0<em>Safari<\/em>\u00a0nella parte superiore della finestra del browser<\/li><li>seleziona l\u2019opzione\u00a0<em>Preferenze<\/em><\/li><li>clicca su\u00a0<em>Sicurezza<\/em>\u00a0e poi\u00a0<em>Accetta i cookie<\/em><\/li><li>seleziona\u00a0<em>Solo dal sito<\/em>.<\/li><\/ul><p><strong>Mozilla e Netscape su OSX<\/strong><\/p><ul><li>Fai clic su\u00a0<em>Mozilla<\/em>\u00a0o\u00a0<em>Netscape<\/em>\u00a0nella parte superiore della finestra del browser<\/li><li>seleziona l\u2019opzione\u00a0<em>Preferenze<\/em><\/li><li>scorri verso il basso fino a visualizzare i cookie sotto\u00a0<em>Privacy e sicurezza<\/em><\/li><li>seleziona\u00a0<em>Abilita i cookie solo per il sito di origine<\/em>.<\/li><\/ul><p><strong>Opera<\/strong><\/p><ul><li>Fai clic su\u00a0<em>Menu<\/em>\u00a0nella parte superiore della finestra del browser<\/li><li>seleziona\u00a0<em>Impostazioni<\/em><\/li><li>seleziona\u00a0<em>Preferenze<\/em><\/li><li>seleziona la scheda\u00a0<em>Avanzate<\/em><\/li><li>seleziona l\u2019opzione\u00a0<em>Accetta i cookie<\/em>.<\/li><\/ul><h2><strong>Google Analytics<\/strong><\/h2><p>Questo sito web utilizza Google Analytics, un servizio di analisi web fornito da Google Inc. ( \u201cGoogle\u201d) . Google Analytics utilizza dei cookie, che sono file di testo depositati sul tuo computer per consentire al sito web di analizzare come gli utenti utilizzano il sito. Le informazioni generate dal cookie sull\u2019utilizzo del sito web (compreso il tuo indirizzo IP anonimo) verranno trasmesse e depositate presso i server di Google negli Stati Uniti. Google utilizzer\u00e0 queste informazioni allo scopo di esaminare il tuo utilizzo del sito web, compilare report sulle attivit\u00e0 del sito per gli operatori dello stesso e fornire altri servizi relativi alle attivit\u00e0 del sito web e all\u2019utilizzo di internet. Google pu\u00f2 anche trasferire queste informazioni a terzi ove ci\u00f2 sia imposto dalla legge o laddove tali terzi trattino le suddette informazioni per conto di Google. Google non assocer\u00e0 il tuo indirizzo IP a nessun altro dato posseduto da Google. Puoi rifiutarti di usare i cookie selezionando l\u2019impostazione appropriata sul tuo browser, ma se fai questo non puoi essere in grado di utilizzare tutte le funzionalit\u00e0 di questo sito web. Utilizzando questo, acconsenti al trattamento dei tuoi dati da parte di Google per le modalit\u00e0 ed i fini sopraindicati.<\/p><p>Puoi impedire a Google il rilevamento di un cookie che viene generato a causa di e legato al tuo utilizzo di questo sito web (compreso il tuo indirizzo IP) e l\u2019elaborazione di tali dati scaricando e installando questo plugin per il browser:\u00a0<a href=\"http:\/\/tools.google.com\/dlpage\/gaoptout?hl=en\"><strong>http:\/\/tools.google.com\/dlpage\/gaoptout?hl=en<\/strong><\/a>.<\/p><p>\u00a0<\/p>\t\t\t\t\t\t\t\t<\/div>\n\t\t\t\t<\/div>\n\t\t\t\t\t<\/div>\n\t\t\t\t<\/div>\n\t\t\t\t<\/div>\n\t\t","protected":false},"excerpt":{"rendered":"<p>INFORMATIVA SUI COOKIE Per rendere il nostro sito pi\u00f9 facile ed intuitivo facciamo uso dei cookie. I cookie sono piccole porzioni di dati che ci permettono di confrontare i visitatori nuovi e quelli passati e di capire come gli utenti navigano attraverso il nostro sito. Utilizziamo i dati raccolti grazie ai cookie per rendere la [&hellip;]<\/p>\n","protected":false},"author":1,"featured_media":0,"parent":0,"menu_order":0,"comment_status":"closed","ping_status":"closed","template":"","meta":{"om_disable_all_campaigns":false,"inline_featured_image":false,"footnotes":""},"class_list":["post-1000005042","page","type-page","status-publish","hentry"],"yoast_head":"<!-- This site is optimized with the Yoast SEO Premium plugin v23.3 (Yoast SEO v23.3) - https:\/\/yoast.com\/wordpress\/plugins\/seo\/ -->\n<title>Cookie Policy - Alfassa<\/title>\n<meta name=\"robots\" content=\"index, follow, max-snippet:-1, max-image-preview:large, max-video-preview:-1\" \/>\n<link rel=\"canonical\" href=\"https:\/\/alfassa.org\/index.php\/cookie-policy\/\" \/>\n<meta property=\"og:locale\" content=\"en_US\" \/>\n<meta property=\"og:type\" content=\"article\" \/>\n<meta property=\"og:title\" content=\"Cookie Policy\" \/>\n<meta property=\"og:description\" content=\"INFORMATIVA SUI COOKIE Per rendere il nostro sito pi\u00f9 facile ed intuitivo facciamo uso dei cookie. I cookie sono piccole porzioni di dati che ci permettono di confrontare i visitatori nuovi e quelli passati e di capire come gli utenti navigano attraverso il nostro sito. Utilizziamo i dati raccolti grazie ai cookie per rendere la [&hellip;]\" \/>\n<meta property=\"og:url\" content=\"https:\/\/alfassa.org\/index.php\/cookie-policy\/\" \/>\n<meta property=\"og:site_name\" content=\"Alfassa\" \/>\n<meta property=\"article:publisher\" content=\"https:\/\/www.facebook.com\/alfassa.net\" \/>\n<meta property=\"article:modified_time\" content=\"2024-12-04T17:03:55+00:00\" \/>\n<meta name=\"twitter:card\" content=\"summary_large_image\" \/>\n<meta name=\"twitter:label1\" content=\"Est. reading time\" \/>\n\t<meta name=\"twitter:data1\" content=\"5 minutes\" \/>\n<script type=\"application\/ld+json\" class=\"yoast-schema-graph\">{\"@context\":\"https:\/\/schema.org\",\"@graph\":[{\"@type\":\"WebPage\",\"@id\":\"https:\/\/alfassa.org\/index.php\/cookie-policy\/\",\"url\":\"https:\/\/alfassa.org\/index.php\/cookie-policy\/\",\"name\":\"Cookie Policy - Alfassa\",\"isPartOf\":{\"@id\":\"https:\/\/alfassa.org\/#website\"},\"datePublished\":\"2024-12-04T16:59:57+00:00\",\"dateModified\":\"2024-12-04T17:03:55+00:00\",\"breadcrumb\":{\"@id\":\"https:\/\/alfassa.org\/index.php\/cookie-policy\/#breadcrumb\"},\"inLanguage\":\"en-US\",\"potentialAction\":[{\"@type\":\"ReadAction\",\"target\":[\"https:\/\/alfassa.org\/index.php\/cookie-policy\/\"]}]},{\"@type\":\"BreadcrumbList\",\"@id\":\"https:\/\/alfassa.org\/index.php\/cookie-policy\/#breadcrumb\",\"itemListElement\":[{\"@type\":\"ListItem\",\"position\":1,\"name\":\"Home\",\"item\":\"https:\/\/alfassa.org\/\"},{\"@type\":\"ListItem\",\"position\":2,\"name\":\"Cookie Policy\"}]},{\"@type\":\"WebSite\",\"@id\":\"https:\/\/alfassa.org\/#website\",\"url\":\"https:\/\/alfassa.org\/\",\"name\":\"www.alfassa.org\",\"description\":\"Creating a better future together\",\"publisher\":{\"@id\":\"https:\/\/alfassa.org\/#organization\"},\"potentialAction\":[{\"@type\":\"SearchAction\",\"target\":{\"@type\":\"EntryPoint\",\"urlTemplate\":\"https:\/\/alfassa.org\/?s={search_term_string}\"},\"query-input\":\"required name=search_term_string\"}],\"inLanguage\":\"en-US\"},{\"@type\":\"Organization\",\"@id\":\"https:\/\/alfassa.org\/#organization\",\"name\":\"Alfassa\",\"url\":\"https:\/\/alfassa.org\/\",\"logo\":{\"@type\":\"ImageObject\",\"inLanguage\":\"en-US\",\"@id\":\"https:\/\/alfassa.org\/#\/schema\/logo\/image\/\",\"url\":\"https:\/\/alfassa.org\/wp-content\/uploads\/2020\/01\/Rosa-Alfassa-2024-1024x1010.png\",\"contentUrl\":\"https:\/\/alfassa.org\/wp-content\/uploads\/2020\/01\/Rosa-Alfassa-2024-1024x1010.png\",\"width\":1024,\"height\":1010,\"caption\":\"Alfassa\"},\"image\":{\"@id\":\"https:\/\/alfassa.org\/#\/schema\/logo\/image\/\"},\"sameAs\":[\"https:\/\/www.facebook.com\/alfassa.net\",\"https:\/\/www.linkedin.com\/company\/alfassa\"]}]}<\/script>\n<!-- \/ Yoast SEO Premium plugin. -->","yoast_head_json":{"title":"Cookie Policy - Alfassa","robots":{"index":"index","follow":"follow","max-snippet":"max-snippet:-1","max-image-preview":"max-image-preview:large","max-video-preview":"max-video-preview:-1"},"canonical":"https:\/\/alfassa.org\/index.php\/cookie-policy\/","og_locale":"en_US","og_type":"article","og_title":"Cookie Policy","og_description":"INFORMATIVA SUI COOKIE Per rendere il nostro sito pi\u00f9 facile ed intuitivo facciamo uso dei cookie. I cookie sono piccole porzioni di dati che ci permettono di confrontare i visitatori nuovi e quelli passati e di capire come gli utenti navigano attraverso il nostro sito. Utilizziamo i dati raccolti grazie ai cookie per rendere la [&hellip;]","og_url":"https:\/\/alfassa.org\/index.php\/cookie-policy\/","og_site_name":"Alfassa","article_publisher":"https:\/\/www.facebook.com\/alfassa.net","article_modified_time":"2024-12-04T17:03:55+00:00","twitter_card":"summary_large_image","twitter_misc":{"Est. reading time":"5 minutes"},"schema":{"@context":"https:\/\/schema.org","@graph":[{"@type":"WebPage","@id":"https:\/\/alfassa.org\/index.php\/cookie-policy\/","url":"https:\/\/alfassa.org\/index.php\/cookie-policy\/","name":"Cookie Policy - Alfassa","isPartOf":{"@id":"https:\/\/alfassa.org\/#website"},"datePublished":"2024-12-04T16:59:57+00:00","dateModified":"2024-12-04T17:03:55+00:00","breadcrumb":{"@id":"https:\/\/alfassa.org\/index.php\/cookie-policy\/#breadcrumb"},"inLanguage":"en-US","potentialAction":[{"@type":"ReadAction","target":["https:\/\/alfassa.org\/index.php\/cookie-policy\/"]}]},{"@type":"BreadcrumbList","@id":"https:\/\/alfassa.org\/index.php\/cookie-policy\/#breadcrumb","itemListElement":[{"@type":"ListItem","position":1,"name":"Home","item":"https:\/\/alfassa.org\/"},{"@type":"ListItem","position":2,"name":"Cookie Policy"}]},{"@type":"WebSite","@id":"https:\/\/alfassa.org\/#website","url":"https:\/\/alfassa.org\/","name":"www.alfassa.org","description":"Creating a better future together","publisher":{"@id":"https:\/\/alfassa.org\/#organization"},"potentialAction":[{"@type":"SearchAction","target":{"@type":"EntryPoint","urlTemplate":"https:\/\/alfassa.org\/?s={search_term_string}"},"query-input":"required name=search_term_string"}],"inLanguage":"en-US"},{"@type":"Organization","@id":"https:\/\/alfassa.org\/#organization","name":"Alfassa","url":"https:\/\/alfassa.org\/","logo":{"@type":"ImageObject","inLanguage":"en-US","@id":"https:\/\/alfassa.org\/#\/schema\/logo\/image\/","url":"https:\/\/alfassa.org\/wp-content\/uploads\/2020\/01\/Rosa-Alfassa-2024-1024x1010.png","contentUrl":"https:\/\/alfassa.org\/wp-content\/uploads\/2020\/01\/Rosa-Alfassa-2024-1024x1010.png","width":1024,"height":1010,"caption":"Alfassa"},"image":{"@id":"https:\/\/alfassa.org\/#\/schema\/logo\/image\/"},"sameAs":["https:\/\/www.facebook.com\/alfassa.net","https:\/\/www.linkedin.com\/company\/alfassa"]}]}},"_links":{"self":[{"href":"https:\/\/alfassa.org\/index.php\/wp-json\/wp\/v2\/pages\/1000005042","targetHints":{"allow":["GET"]}}],"collection":[{"href":"https:\/\/alfassa.org\/index.php\/wp-json\/wp\/v2\/pages"}],"about":[{"href":"https:\/\/alfassa.org\/index.php\/wp-json\/wp\/v2\/types\/page"}],"author":[{"embeddable":true,"href":"https:\/\/alfassa.org\/index.php\/wp-json\/wp\/v2\/users\/1"}],"replies":[{"embeddable":true,"href":"https:\/\/alfassa.org\/index.php\/wp-json\/wp\/v2\/comments?post=1000005042"}],"version-history":[{"count":7,"href":"https:\/\/alfassa.org\/index.php\/wp-json\/wp\/v2\/pages\/1000005042\/revisions"}],"predecessor-version":[{"id":1000005049,"href":"https:\/\/alfassa.org\/index.php\/wp-json\/wp\/v2\/pages\/1000005042\/revisions\/1000005049"}],"wp:attachment":[{"href":"https:\/\/alfassa.org\/index.php\/wp-json\/wp\/v2\/media?parent=1000005042"}],"curies":[{"name":"wp","href":"https:\/\/api.w.org\/{rel}","templated":true}]}}